{"id":14,"date":"2024-07-22T03:34:13","date_gmt":"2024-07-22T06:34:13","guid":{"rendered":"https:\/\/massagensbh.com\/?page_id=14"},"modified":"2024-09-26T14:11:59","modified_gmt":"2024-09-26T17:11:59","slug":"especialidades","status":"publish","type":"page","link":"https:\/\/massagensbh.com\/?page_id=14","title":{"rendered":"Especialidades"},"content":{"rendered":"\t\t<div data-elementor-type=\"wp-page\" data-elementor-id=\"14\" class=\"elementor elementor-14\" data-elementor-post-type=\"page\">\n\t\t\t\t<div class=\"elementor-element elementor-element-24704bd e-flex e-con-boxed e-con e-parent\" data-id=\"24704bd\" data-element_type=\"container\" data-e-type=\"container\" data-settings=\"{&quot;background_background&quot;:&quot;classic&quot;}\">\n\t\t\t\t\t<div class=\"e-con-inner\">\n\t\t\t\t<div class=\"elementor-element elementor-element-991e950 elementor-widget elementor-widget-heading\" data-id=\"991e950\" data-element_type=\"widget\" data-e-type=\"widget\" data-widget_type=\"heading.default\">\n\t\t\t\t<div class=\"elementor-widget-container\">\n\t\t\t\t\t<h2 class=\"elementor-heading-title elementor-size-default\">Minhas Especialidades<\/h2>\t\t\t\t<\/div>\n\t\t\t\t<\/div>\n\t\t\t\t<div class=\"elementor-element elementor-element-c9210af elementor-align-center elementor-icon-list--layout-traditional elementor-list-item-link-full_width elementor-widget elementor-widget-icon-list\" data-id=\"c9210af\" data-element_type=\"widget\" data-e-type=\"widget\" data-widget_type=\"icon-list.default\">\n\t\t\t\t<div class=\"elementor-widget-container\">\n\t\t\t\t\t\t\t<ul class=\"elementor-icon-list-items\">\n\t\t\t\t\t\t\t<li class=\"elementor-icon-list-item\">\n\t\t\t\t\t\t\t\t\t\t\t<span class=\"elementor-icon-list-icon\">\n\t\t\t\t\t\t\t<svg xmlns=\"http:\/\/www.w3.org\/2000\/svg\" xmlns:xlink=\"http:\/\/www.w3.org\/1999\/xlink\" id=\"Capa_1\" x=\"0px\" y=\"0px\" width=\"443.771px\" height=\"443.772px\" viewBox=\"0 0 443.771 443.772\" style=\"enable-background:new 0 0 443.771 443.772;\" xml:space=\"preserve\"><g>\t<g id=\"Layer_3\">\t\t<g>\t\t\t<path d=\"M163.073,3.459C140.557,125.764,122.304,144.016,0,166.532c122.305,22.516,140.557,40.768,163.073,163.073    c22.516-122.305,40.768-140.557,163.073-163.073C203.841,144.016,185.588,125.764,163.073,3.459z\"><\/path>\t\t\t<path d=\"M340.064,232.896c-14.318,77.781-25.928,89.39-103.708,103.708c77.78,14.319,89.39,25.928,103.708,103.708    c14.318-77.78,25.928-89.39,103.707-103.708C365.99,322.286,354.383,310.677,340.064,232.896z\"><\/path>\t\t<\/g>\t<\/g><\/g><g><\/g><g><\/g><g><\/g><g><\/g><g><\/g><g><\/g><g><\/g><g><\/g><g><\/g><g><\/g><g><\/g><g><\/g><g><\/g><g><\/g><g><\/g><\/svg>\t\t\t\t\t\t<\/span>\n\t\t\t\t\t\t\t\t\t\t<span class=\"elementor-icon-list-text\">Alivie o stress e a tens\u00e3o com uma massagem personalizada.<\/span>\n\t\t\t\t\t\t\t\t\t<\/li>\n\t\t\t\t\t\t<\/ul>\n\t\t\t\t\t\t<\/div>\n\t\t\t\t<\/div>\n\t\t\t\t\t<\/div>\n\t\t\t\t<\/div>\n\t\t<div class=\"elementor-element elementor-element-292bd6b e-flex e-con-boxed e-con e-parent\" data-id=\"292bd6b\" data-element_type=\"container\" data-e-type=\"container\" data-settings=\"{&quot;background_background&quot;:&quot;classic&quot;}\">\n\t\t\t\t\t<div class=\"e-con-inner\">\n\t\t\t\t<div class=\"elementor-element elementor-element-7dde925 elementor-grid-3 elementor-grid-tablet-2 elementor-grid-mobile-1 elementor-posts--thumbnail-top elementor-card-shadow-yes elementor-posts__hover-gradient elementor-widget elementor-widget-posts\" data-id=\"7dde925\" data-element_type=\"widget\" data-e-type=\"widget\" data-settings=\"{&quot;cards_columns&quot;:&quot;3&quot;,&quot;cards_columns_tablet&quot;:&quot;2&quot;,&quot;cards_columns_mobile&quot;:&quot;1&quot;,&quot;cards_row_gap&quot;:{&quot;unit&quot;:&quot;px&quot;,&quot;size&quot;:35,&quot;sizes&quot;:[]},&quot;cards_row_gap_tablet&quot;:{&quot;unit&quot;:&quot;px&quot;,&quot;size&quot;:&quot;&quot;,&quot;sizes&quot;:[]},&quot;cards_row_gap_mobile&quot;:{&quot;unit&quot;:&quot;px&quot;,&quot;size&quot;:&quot;&quot;,&quot;sizes&quot;:[]}}\" data-widget_type=\"posts.cards\">\n\t\t\t\t<div class=\"elementor-widget-container\">\n\t\t\t\t\t\t\t<div class=\"elementor-posts-container elementor-posts elementor-posts--skin-cards elementor-grid\" role=\"list\">\n\t\t\t\t<article class=\"elementor-post elementor-grid-item post-1325 post type-post status-publish format-standard has-post-thumbnail hentry category-especialidades category-thai-massagem\" role=\"listitem\">\n\t\t\t<div class=\"elementor-post__card\">\n\t\t\t\t<a class=\"elementor-post__thumbnail__link\" href=\"https:\/\/massagensbh.com\/?p=1325\" tabindex=\"-1\" ><div class=\"elementor-post__thumbnail\"><img fetchpriority=\"high\" decoding=\"async\" width=\"1179\" height=\"2556\" src=\"https:\/\/massagensbh.com\/wp-content\/uploads\/2025\/10\/IMG_5212.png\" class=\"attachment-full size-full wp-image-1708\" alt=\"\" srcset=\"https:\/\/massagensbh.com\/wp-content\/uploads\/2025\/10\/IMG_5212.png 1179w, https:\/\/massagensbh.com\/wp-content\/uploads\/2025\/10\/IMG_5212-138x300.png 138w, https:\/\/massagensbh.com\/wp-content\/uploads\/2025\/10\/IMG_5212-472x1024.png 472w, https:\/\/massagensbh.com\/wp-content\/uploads\/2025\/10\/IMG_5212-768x1665.png 768w, https:\/\/massagensbh.com\/wp-content\/uploads\/2025\/10\/IMG_5212-709x1536.png 709w, https:\/\/massagensbh.com\/wp-content\/uploads\/2025\/10\/IMG_5212-945x2048.png 945w\" sizes=\"(max-width: 1179px) 100vw, 1179px\" \/><\/div><\/a>\n\t\t\t\t<div class=\"elementor-post__badge\">Especialidades<\/div>\n\t\t\t\t<div class=\"elementor-post__text\">\n\t\t\t\t<h3 class=\"elementor-post__title\">\n\t\t\t<a href=\"https:\/\/massagensbh.com\/?p=1325\" >\n\t\t\t\tThai Massagem: A Arte do Alinhamento Corpo e Mente\t\t\t<\/a>\n\t\t<\/h3>\n\t\t\t\t<div class=\"elementor-post__excerpt\">\n\t\t\t<p>A Thai Massagem na maca \u00e9 uma adapta\u00e7\u00e3o moderna da tradicional t\u00e9cnica tailandesa, criada para oferecer relaxamento profundo e promover o equil\u00edbrio f\u00edsico e mental.<\/p>\n\t\t<\/div>\n\t\t\n\t\t<a class=\"elementor-post__read-more\" href=\"https:\/\/massagensbh.com\/?p=1325\" aria-label=\"Read more about Thai Massagem: A Arte do Alinhamento Corpo e Mente\" tabindex=\"-1\" >\n\t\t\tLeia Mais\u00bb\t\t<\/a>\n\n\t\t\t\t<\/div>\n\t\t\t\t\t<\/div>\n\t\t<\/article>\n\t\t\t\t<article class=\"elementor-post elementor-grid-item post-1319 post type-post status-publish format-standard has-post-thumbnail hentry category-especialidades category-massagem-com-ventosas\" role=\"listitem\">\n\t\t\t<div class=\"elementor-post__card\">\n\t\t\t\t<a class=\"elementor-post__thumbnail__link\" href=\"https:\/\/massagensbh.com\/?p=1319\" tabindex=\"-1\" ><div class=\"elementor-post__thumbnail\"><img decoding=\"async\" width=\"600\" height=\"464\" src=\"https:\/\/massagensbh.com\/wp-content\/uploads\/2024\/09\/spa-urbano-bellary-8p.jpg\" class=\"attachment-full size-full wp-image-1324\" alt=\"vontosas\" srcset=\"https:\/\/massagensbh.com\/wp-content\/uploads\/2024\/09\/spa-urbano-bellary-8p.jpg 600w, https:\/\/massagensbh.com\/wp-content\/uploads\/2024\/09\/spa-urbano-bellary-8p-300x232.jpg 300w\" sizes=\"(max-width: 600px) 100vw, 600px\" \/><\/div><\/a>\n\t\t\t\t<div class=\"elementor-post__badge\">Especialidades<\/div>\n\t\t\t\t<div class=\"elementor-post__text\">\n\t\t\t\t<h3 class=\"elementor-post__title\">\n\t\t\t<a href=\"https:\/\/massagensbh.com\/?p=1319\" >\n\t\t\t\tMassagem com Ventosas\t\t\t<\/a>\n\t\t<\/h3>\n\t\t\t\t<div class=\"elementor-post__excerpt\">\n\t\t\t<p>A massagem com ventosas \u00e9 uma t\u00e9cnica milenar que utiliza copos de suc\u00e7\u00e3o para criar press\u00e3o na pele, promovendo benef\u00edcios para o corpo e mente.<\/p>\n\t\t<\/div>\n\t\t\n\t\t<a class=\"elementor-post__read-more\" href=\"https:\/\/massagensbh.com\/?p=1319\" aria-label=\"Read more about Massagem com Ventosas\" tabindex=\"-1\" >\n\t\t\tLeia Mais\u00bb\t\t<\/a>\n\n\t\t\t\t<\/div>\n\t\t\t\t\t<\/div>\n\t\t<\/article>\n\t\t\t\t<article class=\"elementor-post elementor-grid-item post-1316 post type-post status-publish format-standard has-post-thumbnail hentry category-especialidades category-massagem-com-pedras-quentes\" role=\"listitem\">\n\t\t\t<div class=\"elementor-post__card\">\n\t\t\t\t<a class=\"elementor-post__thumbnail__link\" href=\"https:\/\/massagensbh.com\/?p=1316\" tabindex=\"-1\" ><div class=\"elementor-post__thumbnail\"><img decoding=\"async\" width=\"1216\" height=\"832\" src=\"https:\/\/massagensbh.com\/wp-content\/uploads\/2024\/09\/massagem-com-pedras-quentes-relaxamento-e-bem-estar_784.png\" class=\"attachment-full size-full wp-image-1317\" alt=\"\" srcset=\"https:\/\/massagensbh.com\/wp-content\/uploads\/2024\/09\/massagem-com-pedras-quentes-relaxamento-e-bem-estar_784.png 1216w, https:\/\/massagensbh.com\/wp-content\/uploads\/2024\/09\/massagem-com-pedras-quentes-relaxamento-e-bem-estar_784-300x205.png 300w, https:\/\/massagensbh.com\/wp-content\/uploads\/2024\/09\/massagem-com-pedras-quentes-relaxamento-e-bem-estar_784-1024x701.png 1024w, https:\/\/massagensbh.com\/wp-content\/uploads\/2024\/09\/massagem-com-pedras-quentes-relaxamento-e-bem-estar_784-768x525.png 768w\" sizes=\"(max-width: 1216px) 100vw, 1216px\" \/><\/div><\/a>\n\t\t\t\t<div class=\"elementor-post__badge\">Especialidades<\/div>\n\t\t\t\t<div class=\"elementor-post__text\">\n\t\t\t\t<h3 class=\"elementor-post__title\">\n\t\t\t<a href=\"https:\/\/massagensbh.com\/?p=1316\" >\n\t\t\t\tMassagem com Pedras Quentes: Relaxamento e Bem-Estar Atrav\u00e9s do Calor\t\t\t<\/a>\n\t\t<\/h3>\n\t\t\t\t<div class=\"elementor-post__excerpt\">\n\t\t\t<p>A massagem com pedras quentes \u00e9 uma t\u00e9cnica terap\u00eautica que combina o toque suave das m\u00e3os com o calor das pedras vulc\u00e2nicas, proporcionando um relaxamento<\/p>\n\t\t<\/div>\n\t\t\n\t\t<a class=\"elementor-post__read-more\" href=\"https:\/\/massagensbh.com\/?p=1316\" aria-label=\"Read more about Massagem com Pedras Quentes: Relaxamento e Bem-Estar Atrav\u00e9s do Calor\" tabindex=\"-1\" >\n\t\t\tLeia Mais\u00bb\t\t<\/a>\n\n\t\t\t\t<\/div>\n\t\t\t\t\t<\/div>\n\t\t<\/article>\n\t\t\t\t<article class=\"elementor-post elementor-grid-item post-627 post type-post status-publish format-standard has-post-thumbnail hentry category-especialidades category-massagem-desportiva\" role=\"listitem\">\n\t\t\t<div class=\"elementor-post__card\">\n\t\t\t\t<a class=\"elementor-post__thumbnail__link\" href=\"https:\/\/massagensbh.com\/?p=627\" tabindex=\"-1\" ><div class=\"elementor-post__thumbnail\"><img loading=\"lazy\" decoding=\"async\" width=\"2560\" height=\"1440\" src=\"https:\/\/massagensbh.com\/wp-content\/uploads\/2024\/07\/WhatsApp-Image-2024-07-25-at-17.06.37-1-scaled.jpeg\" class=\"attachment-full size-full wp-image-628\" alt=\"massagem desportiva\" srcset=\"https:\/\/massagensbh.com\/wp-content\/uploads\/2024\/07\/WhatsApp-Image-2024-07-25-at-17.06.37-1-scaled.jpeg 2560w, https:\/\/massagensbh.com\/wp-content\/uploads\/2024\/07\/WhatsApp-Image-2024-07-25-at-17.06.37-1-300x169.jpeg 300w, https:\/\/massagensbh.com\/wp-content\/uploads\/2024\/07\/WhatsApp-Image-2024-07-25-at-17.06.37-1-1024x576.jpeg 1024w, https:\/\/massagensbh.com\/wp-content\/uploads\/2024\/07\/WhatsApp-Image-2024-07-25-at-17.06.37-1-768x432.jpeg 768w, https:\/\/massagensbh.com\/wp-content\/uploads\/2024\/07\/WhatsApp-Image-2024-07-25-at-17.06.37-1-1536x864.jpeg 1536w, https:\/\/massagensbh.com\/wp-content\/uploads\/2024\/07\/WhatsApp-Image-2024-07-25-at-17.06.37-1-2048x1152.jpeg 2048w\" sizes=\"(max-width: 2560px) 100vw, 2560px\" \/><\/div><\/a>\n\t\t\t\t<div class=\"elementor-post__badge\">Especialidades<\/div>\n\t\t\t\t<div class=\"elementor-post__text\">\n\t\t\t\t<h3 class=\"elementor-post__title\">\n\t\t\t<a href=\"https:\/\/massagensbh.com\/?p=627\" >\n\t\t\t\tMassagem Desportiva\t\t\t<\/a>\n\t\t<\/h3>\n\t\t\t\t<div class=\"elementor-post__excerpt\">\n\t\t\t<p>A massagem desportiva \u00e9 uma t\u00e9cnica espec\u00edfica projetada para atletas e pessoas ativas. Focada na preven\u00e7\u00e3o e tratamento de les\u00f5es, esta massagem combina manipula\u00e7\u00e3o dos<\/p>\n\t\t<\/div>\n\t\t\n\t\t<a class=\"elementor-post__read-more\" href=\"https:\/\/massagensbh.com\/?p=627\" aria-label=\"Read more about Massagem Desportiva\" tabindex=\"-1\" >\n\t\t\tLeia Mais\u00bb\t\t<\/a>\n\n\t\t\t\t<\/div>\n\t\t\t\t\t<\/div>\n\t\t<\/article>\n\t\t\t\t<article class=\"elementor-post elementor-grid-item post-609 post type-post status-publish format-standard has-post-thumbnail hentry category-especialidades category-massagem-relaxante\" role=\"listitem\">\n\t\t\t<div class=\"elementor-post__card\">\n\t\t\t\t<a class=\"elementor-post__thumbnail__link\" href=\"https:\/\/massagensbh.com\/?p=609\" tabindex=\"-1\" ><div class=\"elementor-post__thumbnail\"><img loading=\"lazy\" decoding=\"async\" width=\"1440\" height=\"2560\" src=\"https:\/\/massagensbh.com\/wp-content\/uploads\/2024\/07\/WhatsApp-Image-2024-07-25-at-17.06.37-scaled.jpeg\" class=\"attachment-full size-full wp-image-610\" alt=\"massagem relaxante\" srcset=\"https:\/\/massagensbh.com\/wp-content\/uploads\/2024\/07\/WhatsApp-Image-2024-07-25-at-17.06.37-scaled.jpeg 1440w, https:\/\/massagensbh.com\/wp-content\/uploads\/2024\/07\/WhatsApp-Image-2024-07-25-at-17.06.37-169x300.jpeg 169w, https:\/\/massagensbh.com\/wp-content\/uploads\/2024\/07\/WhatsApp-Image-2024-07-25-at-17.06.37-576x1024.jpeg 576w, https:\/\/massagensbh.com\/wp-content\/uploads\/2024\/07\/WhatsApp-Image-2024-07-25-at-17.06.37-768x1365.jpeg 768w, https:\/\/massagensbh.com\/wp-content\/uploads\/2024\/07\/WhatsApp-Image-2024-07-25-at-17.06.37-864x1536.jpeg 864w, https:\/\/massagensbh.com\/wp-content\/uploads\/2024\/07\/WhatsApp-Image-2024-07-25-at-17.06.37-1152x2048.jpeg 1152w\" sizes=\"(max-width: 1440px) 100vw, 1440px\" \/><\/div><\/a>\n\t\t\t\t<div class=\"elementor-post__badge\">Especialidades<\/div>\n\t\t\t\t<div class=\"elementor-post__text\">\n\t\t\t\t<h3 class=\"elementor-post__title\">\n\t\t\t<a href=\"https:\/\/massagensbh.com\/?p=609\" >\n\t\t\t\tMassagem Relaxante\t\t\t<\/a>\n\t\t<\/h3>\n\t\t\t\t<div class=\"elementor-post__excerpt\">\n\t\t\t<p>Quais os Benef\u00edcios da Massagem Relaxante Tradicional? A massagem relaxante tradicional \u00e9 uma pr\u00e1tica amplamente conhecida e apreciada por seu poder de aliviar o estresse<\/p>\n\t\t<\/div>\n\t\t\n\t\t<a class=\"elementor-post__read-more\" href=\"https:\/\/massagensbh.com\/?p=609\" aria-label=\"Read more about Massagem Relaxante\" tabindex=\"-1\" >\n\t\t\tLeia Mais\u00bb\t\t<\/a>\n\n\t\t\t\t<\/div>\n\t\t\t\t\t<\/div>\n\t\t<\/article>\n\t\t\t\t<article class=\"elementor-post elementor-grid-item post-603 post type-post status-publish format-standard has-post-thumbnail hentry category-especialidades category-lomi-lomi\" role=\"listitem\">\n\t\t\t<div class=\"elementor-post__card\">\n\t\t\t\t<a class=\"elementor-post__thumbnail__link\" href=\"https:\/\/massagensbh.com\/?p=603\" tabindex=\"-1\" ><div class=\"elementor-post__thumbnail\"><img loading=\"lazy\" decoding=\"async\" width=\"900\" height=\"1600\" src=\"https:\/\/massagensbh.com\/wp-content\/uploads\/2024\/07\/9ffa6d27-b492-40b6-a8f9-76372cfe0096.jpg\" class=\"attachment-full size-full wp-image-604\" alt=\"massagem lomi lomi\" srcset=\"https:\/\/massagensbh.com\/wp-content\/uploads\/2024\/07\/9ffa6d27-b492-40b6-a8f9-76372cfe0096.jpg 900w, https:\/\/massagensbh.com\/wp-content\/uploads\/2024\/07\/9ffa6d27-b492-40b6-a8f9-76372cfe0096-169x300.jpg 169w, https:\/\/massagensbh.com\/wp-content\/uploads\/2024\/07\/9ffa6d27-b492-40b6-a8f9-76372cfe0096-576x1024.jpg 576w, https:\/\/massagensbh.com\/wp-content\/uploads\/2024\/07\/9ffa6d27-b492-40b6-a8f9-76372cfe0096-768x1365.jpg 768w, https:\/\/massagensbh.com\/wp-content\/uploads\/2024\/07\/9ffa6d27-b492-40b6-a8f9-76372cfe0096-864x1536.jpg 864w\" sizes=\"(max-width: 900px) 100vw, 900px\" \/><\/div><\/a>\n\t\t\t\t<div class=\"elementor-post__badge\">Especialidades<\/div>\n\t\t\t\t<div class=\"elementor-post__text\">\n\t\t\t\t<h3 class=\"elementor-post__title\">\n\t\t\t<a href=\"https:\/\/massagensbh.com\/?p=603\" >\n\t\t\t\tLomi Lomi Maha 360\u00b0?\t\t\t<\/a>\n\t\t<\/h3>\n\t\t\t\t<div class=\"elementor-post__excerpt\">\n\t\t\t<p>A massagem Lomi Lomi Maha 360 \u00e9 uma evolu\u00e7\u00e3o contempor\u00e2nea da tradicional massagem havaiana, cuidadosamente desenvolvida por mim a partir da t\u00e9cnica Lomi Lomi Fusion,<\/p>\n\t\t<\/div>\n\t\t\n\t\t<a class=\"elementor-post__read-more\" href=\"https:\/\/massagensbh.com\/?p=603\" aria-label=\"Read more about Lomi Lomi Maha 360\u00b0?\" tabindex=\"-1\" >\n\t\t\tLeia Mais\u00bb\t\t<\/a>\n\n\t\t\t\t<\/div>\n\t\t\t\t\t<\/div>\n\t\t<\/article>\n\t\t\t\t<\/div>\n\t\t\n\t\t\t\t\t\t<\/div>\n\t\t\t\t<\/div>\n\t\t\t\t<div class=\"elementor-element elementor-element-a5c5162 elementor-align-center elementor-widget elementor-widget-button\" data-id=\"a5c5162\" data-element_type=\"widget\" data-e-type=\"widget\" data-widget_type=\"button.default\">\n\t\t\t\t<div class=\"elementor-widget-container\">\n\t\t\t\t\t\t\t\t\t<div class=\"elementor-button-wrapper\">\n\t\t\t\t\t<a class=\"elementor-button elementor-button-link elementor-size-sm\" href=\"https:\/\/massagensbh.com\/?page_id=16\">\n\t\t\t\t\t\t<span class=\"elementor-button-content-wrapper\">\n\t\t\t\t\t\t<span class=\"elementor-button-icon\">\n\t\t\t\t<svg aria-hidden=\"true\" class=\"e-font-icon-svg e-fas-long-arrow-alt-right\" viewBox=\"0 0 448 512\" xmlns=\"http:\/\/www.w3.org\/2000\/svg\"><path d=\"M313.941 216H12c-6.627 0-12 5.373-12 12v56c0 6.627 5.373 12 12 12h301.941v46.059c0 21.382 25.851 32.09 40.971 16.971l86.059-86.059c9.373-9.373 9.373-24.569 0-33.941l-86.059-86.059c-15.119-15.119-40.971-4.411-40.971 16.971V216z\"><\/path><\/svg>\t\t\t<\/span>\n\t\t\t\t\t\t\t\t\t<span class=\"elementor-button-text\">Ver todos os posts<\/span>\n\t\t\t\t\t<\/span>\n\t\t\t\t\t<\/a>\n\t\t\t\t<\/div>\n\t\t\t\t\t\t\t\t<\/div>\n\t\t\t\t<\/div>\n\t\t\t\t<div class=\"elementor-element elementor-element-064c99a elementor-align-center elementor-widget elementor-widget-button\" data-id=\"064c99a\" data-element_type=\"widget\" data-e-type=\"widget\" data-widget_type=\"button.default\">\n\t\t\t\t<div class=\"elementor-widget-container\">\n\t\t\t\t\t\t\t\t\t<div class=\"elementor-button-wrapper\">\n\t\t\t\t\t<a class=\"elementor-button elementor-button-link elementor-size-sm elementor-animation-grow\" href=\"#\">\n\t\t\t\t\t\t<span class=\"elementor-button-content-wrapper\">\n\t\t\t\t\t\t<span class=\"elementor-button-icon\">\n\t\t\t\t<svg aria-hidden=\"true\" class=\"e-font-icon-svg e-fab-whatsapp\" viewBox=\"0 0 448 512\" xmlns=\"http:\/\/www.w3.org\/2000\/svg\"><path d=\"M380.9 97.1C339 55.1 283.2 32 223.9 32c-122.4 0-222 99.6-222 222 0 39.1 10.2 77.3 29.6 111L0 480l117.7-30.9c32.4 17.7 68.9 27 106.1 27h.1c122.3 0 224.1-99.6 224.1-222 0-59.3-25.2-115-67.1-157zm-157 341.6c-33.2 0-65.7-8.9-94-25.7l-6.7-4-69.8 18.3L72 359.2l-4.4-7c-18.5-29.4-28.2-63.3-28.2-98.2 0-101.7 82.8-184.5 184.6-184.5 49.3 0 95.6 19.2 130.4 54.1 34.8 34.9 56.2 81.2 56.1 130.5 0 101.8-84.9 184.6-186.6 184.6zm101.2-138.2c-5.5-2.8-32.8-16.2-37.9-18-5.1-1.9-8.8-2.8-12.5 2.8-3.7 5.6-14.3 18-17.6 21.8-3.2 3.7-6.5 4.2-12 1.4-32.6-16.3-54-29.1-75.5-66-5.7-9.8 5.7-9.1 16.3-30.3 1.8-3.7.9-6.9-.5-9.7-1.4-2.8-12.5-30.1-17.1-41.2-4.5-10.8-9.1-9.3-12.5-9.5-3.2-.2-6.9-.2-10.6-.2-3.7 0-9.7 1.4-14.8 6.9-5.1 5.6-19.4 19-19.4 46.3 0 27.3 19.9 53.7 22.6 57.4 2.8 3.7 39.1 59.7 94.8 83.8 35.2 15.2 49 16.5 66.6 13.9 10.7-1.6 32.8-13.4 37.4-26.4 4.6-13 4.6-24.1 3.2-26.4-1.3-2.5-5-3.9-10.5-6.6z\"><\/path><\/svg>\t\t\t<\/span>\n\t\t\t\t\t\t\t\t\t<span class=\"elementor-button-text\">Agendar Massagem via Whatsapp<\/span>\n\t\t\t\t\t<\/span>\n\t\t\t\t\t<\/a>\n\t\t\t\t<\/div>\n\t\t\t\t\t\t\t\t<\/div>\n\t\t\t\t<\/div>\n\t\t\t\t\t<\/div>\n\t\t\t\t<\/div>\n\t\t\t\t<\/div>\n\t\t","protected":false},"excerpt":{"rendered":"<p>Minhas Especialidades Alivie o stress e a tens\u00e3o com uma massagem personalizada. Ver todos os posts Agendar Massagem via Whatsapp<\/p>\n","protected":false},"author":1,"featured_media":0,"parent":0,"menu_order":0,"comment_status":"closed","ping_status":"closed","template":"elementor_header_footer","meta":{"footnotes":""},"class_list":["post-14","page","type-page","status-publish","hentry"],"_links":{"self":[{"href":"https:\/\/massagensbh.com\/index.php?rest_route=\/wp\/v2\/pages\/14","targetHints":{"allow":["GET"]}}],"collection":[{"href":"https:\/\/massagensbh.com\/index.php?rest_route=\/wp\/v2\/pages"}],"about":[{"href":"https:\/\/massagensbh.com\/index.php?rest_route=\/wp\/v2\/types\/page"}],"author":[{"embeddable":true,"href":"https:\/\/massagensbh.com\/index.php?rest_route=\/wp\/v2\/users\/1"}],"replies":[{"embeddable":true,"href":"https:\/\/massagensbh.com\/index.php?rest_route=%2Fwp%2Fv2%2Fcomments&post=14"}],"version-history":[{"count":31,"href":"https:\/\/massagensbh.com\/index.php?rest_route=\/wp\/v2\/pages\/14\/revisions"}],"predecessor-version":[{"id":1331,"href":"https:\/\/massagensbh.com\/index.php?rest_route=\/wp\/v2\/pages\/14\/revisions\/1331"}],"wp:attachment":[{"href":"https:\/\/massagensbh.com\/index.php?rest_route=%2Fwp%2Fv2%2Fmedia&parent=14"}],"curies":[{"name":"wp","href":"https:\/\/api.w.org\/{rel}","templated":true}]}}